{"id":3610,"date":"2025-10-20T10:15:08","date_gmt":"2025-10-20T10:15:08","guid":{"rendered":"https:\/\/labsittersfirenze.com\/?post_type=product&#038;p=3610"},"modified":"2025-10-20T10:22:20","modified_gmt":"2025-10-20T10:22:20","slug":"english-lab-labsitters-hub","status":"publish","type":"product","link":"https:\/\/labsittersfirenze.com\/en\/product\/english-lab-labsitters-hub\/","title":{"rendered":"English Lab &#8211; Labsitters Hub"},"content":{"rendered":"<p class=\"whitespace-normal break-words\">I nostri corsi in struttura trasformano l&#8217;apprendimento dell&#8217;inglese in un&#8217;avventura entusiasmante. Con il metodo Labsitters, i bambini imparano naturalmente attraverso giochi, laboratori creativi e attivit\u00e0 coinvolgenti che li fanno divertire mentre acquisiscono sicurezza nella lingua.<\/p>\n<p><img loading=\"lazy\" decoding=\"async\" class=\"alignnone wp-image-3576\" src=\"https:\/\/labsittersfirenze.com\/wp-content\/uploads\/2025\/09\/labhub01.jpg\" alt=\"\" width=\"500\" height=\"208\" srcset=\"https:\/\/labsittersfirenze.com\/wp-content\/uploads\/2025\/09\/labhub01.jpg 1080w, https:\/\/labsittersfirenze.com\/wp-content\/uploads\/2025\/09\/labhub01-300x125.jpg 300w, https:\/\/labsittersfirenze.com\/wp-content\/uploads\/2025\/09\/labhub01-1024x427.jpg 1024w, https:\/\/labsittersfirenze.com\/wp-content\/uploads\/2025\/09\/labhub01-768x320.jpg 768w, https:\/\/labsittersfirenze.com\/wp-content\/uploads\/2025\/09\/labhub01-600x250.jpg 600w\" sizes=\"auto, (max-width: 500px) 100vw, 500px\" \/><\/p>\n<h2 class=\"text-xl font-bold text-text-100 mt-1 -mb-0.5\">Il nostro approccio<\/h2>\n<p class=\"whitespace-normal break-words\">Niente lezioni tradizionali: qui l&#8217;inglese si vive! Ogni incontro \u00e8 un mix di giochi di gruppo, esperimenti, progetti creativi, canzoni e attivit\u00e0 pratiche. I bambini sono cos\u00ec immersi nel divertimento che imparano senza nemmeno accorgersene.<\/p>\n<h2 class=\"text-xl font-bold text-text-100 mt-1 -mb-0.5\">Percorsi su misura<\/h2>\n<p class=\"whitespace-normal break-words\"><strong>Piccoli Esploratori (3-5 anni)<\/strong><br \/>\nAttivit\u00e0 sensoriali, canzoncine, storie animate e giochi creativi per scoprire l&#8217;inglese in modo naturale e giocoso.<\/p>\n<p class=\"whitespace-normal break-words\"><strong>Giovani Avventurieri (6-10 anni)<\/strong><br \/>\nSfide stimolanti, esperimenti divertenti, giochi di squadra e progetti entusiasmanti per imparare con curiosit\u00e0 ed energia.<\/p>","protected":false},"excerpt":{"rendered":"<p>I nostri corsi in struttura trasformano l&#8217;apprendimento dell&#8217;inglese in un&#8217;avventura entusiasmante. Con il metodo Labsitters, i bambini imparano naturalmente attraverso giochi, laboratori creativi e attivit\u00e0 coinvolgenti che li fanno divertire mentre acquisiscono sicurezza nella lingua. Il nostro approccio Niente lezioni tradizionali: qui l&#8217;inglese si vive! Ogni incontro \u00e8 un mix di giochi di gruppo, esperimenti,&hellip; <a class=\"more-link\" href=\"https:\/\/labsittersfirenze.com\/en\/product\/english-lab-labsitters-hub\/\">Continue reading <span class=\"screen-reader-text\">English Lab &#8211; Labsitters Hub<\/span><\/a><\/p>","protected":false},"featured_media":3495,"template":"","meta":[],"product_brand":[],"product_cat":[27],"product_tag":[],"class_list":{"0":"post-3610","1":"product","2":"type-product","3":"status-publish","4":"has-post-thumbnail","6":"product_cat-corsi-in-struttura","7":"entry","9":"first","10":"instock","11":"taxable","12":"shipping-taxable","13":"purchasable","14":"product-type-variable"},"acf":[],"yoast_head":"<!-- This site is optimized with the Yoast SEO plugin v27.5 - https:\/\/yoast.com\/product\/yoast-seo-wordpress\/ -->\n<title>English Lab - Labsitters Hub - Labsitters<\/title>\n<meta name=\"robots\" content=\"index, follow, max-snippet:-1, max-image-preview:large, max-video-preview:-1\" \/>\n<link rel=\"canonical\" href=\"https:\/\/labsittersfirenze.com\/en\/product\/english-lab-labsitters-hub\/\" \/>\n<meta property=\"og:locale\" content=\"en_GB\" \/>\n<meta property=\"og:type\" content=\"article\" \/>\n<meta property=\"og:title\" content=\"English Lab - Labsitters Hub - Labsitters\" \/>\n<meta property=\"og:description\" content=\"I nostri corsi in struttura trasformano l&#8217;apprendimento dell&#8217;inglese in un&#8217;avventura entusiasmante. Con il metodo Labsitters, i bambini imparano naturalmente attraverso giochi, laboratori creativi e attivit\u00e0 coinvolgenti che li fanno divertire mentre acquisiscono sicurezza nella lingua. Il nostro approccio Niente lezioni tradizionali: qui l&#8217;inglese si vive! Ogni incontro \u00e8 un mix di giochi di gruppo, esperimenti,&hellip; Continue reading English Lab &#8211; Labsitters Hub\" \/>\n<meta property=\"og:url\" content=\"https:\/\/labsittersfirenze.com\/en\/product\/english-lab-labsitters-hub\/\" \/>\n<meta property=\"og:site_name\" content=\"Labsitters\" \/>\n<meta property=\"article:modified_time\" content=\"2025-10-20T10:22:20+00:00\" \/>\n<meta property=\"og:image\" content=\"https:\/\/labsittersfirenze.com\/wp-content\/uploads\/2025\/10\/englishlab.jpg\" \/>\n\t<meta property=\"og:image:width\" content=\"1080\" \/>\n\t<meta property=\"og:image:height\" content=\"1080\" \/>\n\t<meta property=\"og:image:type\" content=\"image\/jpeg\" \/>\n<meta name=\"twitter:card\" content=\"summary_large_image\" \/>\n<meta name=\"twitter:label1\" content=\"Estimated reading time\" \/>\n\t<meta name=\"twitter:data1\" content=\"2 minutes\" \/>\n<script type=\"application\/ld+json\" class=\"yoast-schema-graph\">{\"@context\":\"https:\\\/\\\/schema.org\",\"@graph\":[{\"@type\":\"WebPage\",\"@id\":\"https:\\\/\\\/labsittersfirenze.com\\\/prodotto\\\/english-lab-labsitters-hub\\\/\",\"url\":\"https:\\\/\\\/labsittersfirenze.com\\\/prodotto\\\/english-lab-labsitters-hub\\\/\",\"name\":\"English Lab - Labsitters Hub - Labsitters\",\"isPartOf\":{\"@id\":\"https:\\\/\\\/labsittersfirenze.com\\\/#website\"},\"primaryImageOfPage\":{\"@id\":\"https:\\\/\\\/labsittersfirenze.com\\\/prodotto\\\/english-lab-labsitters-hub\\\/#primaryimage\"},\"image\":{\"@id\":\"https:\\\/\\\/labsittersfirenze.com\\\/prodotto\\\/english-lab-labsitters-hub\\\/#primaryimage\"},\"thumbnailUrl\":\"https:\\\/\\\/labsittersfirenze.com\\\/wp-content\\\/uploads\\\/2025\\\/10\\\/englishlab.jpg\",\"datePublished\":\"2025-10-20T10:15:08+00:00\",\"dateModified\":\"2025-10-20T10:22:20+00:00\",\"breadcrumb\":{\"@id\":\"https:\\\/\\\/labsittersfirenze.com\\\/prodotto\\\/english-lab-labsitters-hub\\\/#breadcrumb\"},\"inLanguage\":\"en-GB\",\"potentialAction\":[{\"@type\":\"ReadAction\",\"target\":[\"https:\\\/\\\/labsittersfirenze.com\\\/prodotto\\\/english-lab-labsitters-hub\\\/\"]}]},{\"@type\":\"ImageObject\",\"inLanguage\":\"en-GB\",\"@id\":\"https:\\\/\\\/labsittersfirenze.com\\\/prodotto\\\/english-lab-labsitters-hub\\\/#primaryimage\",\"url\":\"https:\\\/\\\/labsittersfirenze.com\\\/wp-content\\\/uploads\\\/2025\\\/10\\\/englishlab.jpg\",\"contentUrl\":\"https:\\\/\\\/labsittersfirenze.com\\\/wp-content\\\/uploads\\\/2025\\\/10\\\/englishlab.jpg\",\"width\":1080,\"height\":1080},{\"@type\":\"BreadcrumbList\",\"@id\":\"https:\\\/\\\/labsittersfirenze.com\\\/prodotto\\\/english-lab-labsitters-hub\\\/#breadcrumb\",\"itemListElement\":[{\"@type\":\"ListItem\",\"position\":1,\"name\":\"Shop\",\"item\":\"https:\\\/\\\/labsittersfirenze.com\\\/negozio\\\/\"},{\"@type\":\"ListItem\",\"position\":2,\"name\":\"English Lab &#8211; Labsitters Hub\"}]},{\"@type\":\"WebSite\",\"@id\":\"https:\\\/\\\/labsittersfirenze.com\\\/#website\",\"url\":\"https:\\\/\\\/labsittersfirenze.com\\\/\",\"name\":\"Labsitters\",\"description\":\"I migliori corsi di lingua per bambini a Firenze\",\"potentialAction\":[{\"@type\":\"SearchAction\",\"target\":{\"@type\":\"EntryPoint\",\"urlTemplate\":\"https:\\\/\\\/labsittersfirenze.com\\\/?s={search_term_string}\"},\"query-input\":{\"@type\":\"PropertyValueSpecification\",\"valueRequired\":true,\"valueName\":\"search_term_string\"}}],\"inLanguage\":\"en-GB\"}]}<\/script>\n<!-- \/ Yoast SEO plugin. -->","yoast_head_json":{"title":"English Lab - Labsitters Hub - Labsitters","robots":{"index":"index","follow":"follow","max-snippet":"max-snippet:-1","max-image-preview":"max-image-preview:large","max-video-preview":"max-video-preview:-1"},"canonical":"https:\/\/labsittersfirenze.com\/en\/product\/english-lab-labsitters-hub\/","og_locale":"en_GB","og_type":"article","og_title":"English Lab - Labsitters Hub - Labsitters","og_description":"I nostri corsi in struttura trasformano l&#8217;apprendimento dell&#8217;inglese in un&#8217;avventura entusiasmante. Con il metodo Labsitters, i bambini imparano naturalmente attraverso giochi, laboratori creativi e attivit\u00e0 coinvolgenti che li fanno divertire mentre acquisiscono sicurezza nella lingua. Il nostro approccio Niente lezioni tradizionali: qui l&#8217;inglese si vive! Ogni incontro \u00e8 un mix di giochi di gruppo, esperimenti,&hellip; Continue reading English Lab &#8211; Labsitters Hub","og_url":"https:\/\/labsittersfirenze.com\/en\/product\/english-lab-labsitters-hub\/","og_site_name":"Labsitters","article_modified_time":"2025-10-20T10:22:20+00:00","og_image":[{"width":1080,"height":1080,"url":"https:\/\/labsittersfirenze.com\/wp-content\/uploads\/2025\/10\/englishlab.jpg","type":"image\/jpeg"}],"twitter_card":"summary_large_image","twitter_misc":{"Estimated reading time":"2 minutes"},"schema":{"@context":"https:\/\/schema.org","@graph":[{"@type":"WebPage","@id":"https:\/\/labsittersfirenze.com\/prodotto\/english-lab-labsitters-hub\/","url":"https:\/\/labsittersfirenze.com\/prodotto\/english-lab-labsitters-hub\/","name":"English Lab - Labsitters Hub - Labsitters","isPartOf":{"@id":"https:\/\/labsittersfirenze.com\/#website"},"primaryImageOfPage":{"@id":"https:\/\/labsittersfirenze.com\/prodotto\/english-lab-labsitters-hub\/#primaryimage"},"image":{"@id":"https:\/\/labsittersfirenze.com\/prodotto\/english-lab-labsitters-hub\/#primaryimage"},"thumbnailUrl":"https:\/\/labsittersfirenze.com\/wp-content\/uploads\/2025\/10\/englishlab.jpg","datePublished":"2025-10-20T10:15:08+00:00","dateModified":"2025-10-20T10:22:20+00:00","breadcrumb":{"@id":"https:\/\/labsittersfirenze.com\/prodotto\/english-lab-labsitters-hub\/#breadcrumb"},"inLanguage":"en-GB","potentialAction":[{"@type":"ReadAction","target":["https:\/\/labsittersfirenze.com\/prodotto\/english-lab-labsitters-hub\/"]}]},{"@type":"ImageObject","inLanguage":"en-GB","@id":"https:\/\/labsittersfirenze.com\/prodotto\/english-lab-labsitters-hub\/#primaryimage","url":"https:\/\/labsittersfirenze.com\/wp-content\/uploads\/2025\/10\/englishlab.jpg","contentUrl":"https:\/\/labsittersfirenze.com\/wp-content\/uploads\/2025\/10\/englishlab.jpg","width":1080,"height":1080},{"@type":"BreadcrumbList","@id":"https:\/\/labsittersfirenze.com\/prodotto\/english-lab-labsitters-hub\/#breadcrumb","itemListElement":[{"@type":"ListItem","position":1,"name":"Shop","item":"https:\/\/labsittersfirenze.com\/negozio\/"},{"@type":"ListItem","position":2,"name":"English Lab &#8211; Labsitters Hub"}]},{"@type":"WebSite","@id":"https:\/\/labsittersfirenze.com\/#website","url":"https:\/\/labsittersfirenze.com\/","name":"Labsitters","description":"I migliori corsi di lingua per bambini a Firenze","potentialAction":[{"@type":"SearchAction","target":{"@type":"EntryPoint","urlTemplate":"https:\/\/labsittersfirenze.com\/?s={search_term_string}"},"query-input":{"@type":"PropertyValueSpecification","valueRequired":true,"valueName":"search_term_string"}}],"inLanguage":"en-GB"}]}},"_links":{"self":[{"href":"https:\/\/labsittersfirenze.com\/en\/wp-json\/wp\/v2\/product\/3610","targetHints":{"allow":["GET"]}}],"collection":[{"href":"https:\/\/labsittersfirenze.com\/en\/wp-json\/wp\/v2\/product"}],"about":[{"href":"https:\/\/labsittersfirenze.com\/en\/wp-json\/wp\/v2\/types\/product"}],"wp:featuredmedia":[{"embeddable":true,"href":"https:\/\/labsittersfirenze.com\/en\/wp-json\/wp\/v2\/media\/3495"}],"wp:attachment":[{"href":"https:\/\/labsittersfirenze.com\/en\/wp-json\/wp\/v2\/media?parent=3610"}],"wp:term":[{"taxonomy":"product_brand","embeddable":true,"href":"https:\/\/labsittersfirenze.com\/en\/wp-json\/wp\/v2\/product_brand?post=3610"},{"taxonomy":"product_cat","embeddable":true,"href":"https:\/\/labsittersfirenze.com\/en\/wp-json\/wp\/v2\/product_cat?post=3610"},{"taxonomy":"product_tag","embeddable":true,"href":"https:\/\/labsittersfirenze.com\/en\/wp-json\/wp\/v2\/product_tag?post=3610"}],"curies":[{"name":"wp","href":"https:\/\/api.w.org\/{rel}","templated":true}]}}